{"id":1735,"date":"2025-12-30T14:08:41","date_gmt":"2025-12-30T13:08:41","guid":{"rendered":"https:\/\/leapbyrgdc.eu\/about-2\/"},"modified":"2026-03-03T15:38:09","modified_gmt":"2026-03-03T14:38:09","slug":"about-2","status":"publish","type":"page","link":"https:\/\/leapbyrgdc.eu\/en\/about-2\/","title":{"rendered":"Our Team"},"content":{"rendered":"\t\t<div data-elementor-type=\"wp-post\" data-elementor-id=\"1735\" class=\"elementor elementor-1735 elementor-1733\" data-elementor-post-type=\"page\">\n\t\t\t\t<div class=\"elementor-element elementor-element-2044ce5 e-flex e-con-boxed e-con e-parent\" data-id=\"2044ce5\" data-element_type=\"container\" data-e-type=\"container\" data-settings=\"{&quot;background_background&quot;:&quot;classic&quot;}\">\n\t\t\t\t\t<div class=\"e-con-inner\">\n\t\t<div class=\"elementor-element elementor-element-7a87d0a e-con-full e-flex e-con e-child\" data-id=\"7a87d0a\" data-element_type=\"container\" data-e-type=\"container\">\n\t\t\t\t<div class=\"elementor-element elementor-element-2eb828e elementor-widget elementor-widget-heading\" data-id=\"2eb828e\" data-element_type=\"widget\" data-e-type=\"widget\" data-widget_type=\"heading.default\">\n\t\t\t\t<div class=\"elementor-widget-container\">\n\t\t\t\t\t<h1 class=\"elementor-heading-title elementor-size-default\">Our Team<\/h1>\t\t\t\t<\/div>\n\t\t\t\t<\/div>\n\t\t\t\t<\/div>\n\t\t\t\t\t<\/div>\n\t\t\t\t<\/div>\n\t\t<div class=\"elementor-element elementor-element-d4289f8 e-con-full e-flex e-con e-parent\" data-id=\"d4289f8\" data-element_type=\"container\" data-e-type=\"container\">\n\t\t<div class=\"elementor-element elementor-element-1929750 e-con-full e-flex e-con e-child\" data-id=\"1929750\" data-element_type=\"container\" data-e-type=\"container\">\n\t\t<div class=\"elementor-element elementor-element-5bbeed2 e-flex e-con-boxed e-con e-child\" data-id=\"5bbeed2\" data-element_type=\"container\" data-e-type=\"container\">\n\t\t\t\t\t<div class=\"e-con-inner\">\n\t\t<div class=\"elementor-element elementor-element-5920f63 e-con-full e-flex e-con e-child\" data-id=\"5920f63\" data-element_type=\"container\" data-e-type=\"container\">\n\t\t\t\t<div class=\"elementor-element elementor-element-1ca37a3 elementor-widget elementor-widget-heading\" data-id=\"1ca37a3\" data-element_type=\"widget\" data-e-type=\"widget\" data-widget_type=\"heading.default\">\n\t\t\t\t<div class=\"elementor-widget-container\">\n\t\t\t\t\t<h2 class=\"elementor-heading-title elementor-size-default\">David<\/h2>\t\t\t\t<\/div>\n\t\t\t\t<\/div>\n\t\t\t\t<div class=\"elementor-element elementor-element-7a1ca99 elementor-widget elementor-widget-heading\" data-id=\"7a1ca99\" data-element_type=\"widget\" data-e-type=\"widget\" data-widget_type=\"heading.default\">\n\t\t\t\t<div class=\"elementor-widget-container\">\n\t\t\t\t\t<h6 class=\"elementor-heading-title elementor-size-default\">Co-founder of LEAP \u00b7 Leonardo 3.4.5\u00ae Consultant \u00b7 International Cooperation Project Manager<\/h6>\t\t\t\t<\/div>\n\t\t\t\t<\/div>\n\t\t\t\t<div class=\"elementor-element elementor-element-a77addc elementor-widget-divider--view-line elementor-widget elementor-widget-divider\" data-id=\"a77addc\" data-element_type=\"widget\" data-e-type=\"widget\" data-widget_type=\"divider.default\">\n\t\t\t\t<div class=\"elementor-widget-container\">\n\t\t\t\t\t\t\t<div class=\"elementor-divider\">\n\t\t\t<span class=\"elementor-divider-separator\">\n\t\t\t\t\t\t<\/span>\n\t\t<\/div>\n\t\t\t\t\t\t<\/div>\n\t\t\t\t<\/div>\n\t\t\t\t<div class=\"elementor-element elementor-element-5739bdd elementor-widget elementor-widget-text-editor\" data-id=\"5739bdd\" data-element_type=\"widget\" data-e-type=\"widget\" data-widget_type=\"text-editor.default\">\n\t\t\t\t<div class=\"elementor-widget-container\">\n\t\t\t\t\t\t\t\t\t<p><span style=\"font-weight: 400;\">Co-founder of <\/span><b>LEAP<\/b><span style=\"font-weight: 400;\">, David supports professionals and project leaders facing <\/span><b>moments of transition, re-evaluation, or strategic repositioning<\/b><span style=\"font-weight: 400;\">.<\/span><\/p><p><span style=\"font-weight: 400;\">With a degree in <\/span><b>political science<\/b><span style=\"font-weight: 400;\"> and <\/span><b>Leonardo 3.4.5\u00ae accredited since 2020<\/b><span style=\"font-weight: 400;\">, he has been working for several years in the field of <\/span><b>development cooperation<\/b><span style=\"font-weight: 400;\">, where he manages <\/span><b>complex technical assistance projects<\/b><span style=\"font-weight: 400;\">, often multicultural and multi-stakeholder. In this capacity, he has developed in-depth expertise in <\/span><b>human resource management<\/b><span style=\"font-weight: 400;\">, <\/span><b>team coordination<\/b><span style=\"font-weight: 400;\"> and <\/span><b>managing sensitive and conflictual situations<\/b><span style=\"font-weight: 400;\">, in contexts where clarity of roles and decisions is essential.<\/span><\/p><p><span style=\"font-weight: 400;\">In parallel with his operational duties, David works as a <\/span><b>Leonardo 3.4.5\u00ae consultant<\/b><span style=\"font-weight: 400;\"> for organizations and professionals, helping them to <\/span><b>structure their human resources<\/b><span style=\"font-weight: 400;\">, better leverage complementarities, and align profiles with real-world challenges.<\/span><\/p><p><span style=\"font-weight: 400;\">With <\/span><b>LEAP by RGDC<\/b><span style=\"font-weight: 400;\">, he applies the Leonardo 3.4.5\u00ae method to <\/span><b>career transition and entrepreneurship<\/b><span style=\"font-weight: 400;\">, with a resolutely pragmatic approach: <\/span><b>clarifying real strengths<\/b><span style=\"font-weight: 400;\">, <\/span><b>prioritizing<\/b><span style=\"font-weight: 400;\">, <\/span><b>securing a realistic path<\/b><span style=\"font-weight: 400;\"> and <\/span><b>achieving concrete progress<\/b><span style=\"font-weight: 400;\">.<\/span><\/p><p><span style=\"font-weight: 400;\">Within LEAP, David embodies a stance of <\/span><b>structured listening<\/b><span style=\"font-weight: 400;\">, <\/span><b>clarification<\/b><span style=\"font-weight: 400;\"> and <\/span><b>mobilization<\/b><span style=\"font-weight: 400;\">, to transform often scattered reflection into <\/span><b>assertive decisions and visible actions<\/b><span style=\"font-weight: 400;\">.<\/span><\/p>\t\t\t\t\t\t\t\t<\/div>\n\t\t\t\t<\/div>\n\t\t\t\t<\/div>\n\t\t<div class=\"elementor-element elementor-element-415c516 e-con-full e-flex e-con e-child\" data-id=\"415c516\" data-element_type=\"container\" data-e-type=\"container\">\n\t\t\t\t<div class=\"elementor-element elementor-element-b021054 elementor-widget elementor-widget-image\" data-id=\"b021054\" data-element_type=\"widget\" data-e-type=\"widget\" data-widget_type=\"image.default\">\n\t\t\t\t<div class=\"elementor-widget-container\">\n\t\t\t\t\t\t\t\t\t\t\t\t\t\t\t<img fetchpriority=\"high\" decoding=\"async\" width=\"1024\" height=\"1024\" src=\"https:\/\/leapbyrgdc.eu\/wp-content\/uploads\/2026\/02\/b6d8f4ac-d163-4af9-89e6-0b1101a75383.jpeg\" class=\"attachment-large size-large wp-image-2359\" alt=\"\" srcset=\"https:\/\/leapbyrgdc.eu\/wp-content\/uploads\/2026\/02\/b6d8f4ac-d163-4af9-89e6-0b1101a75383.jpeg 1024w, https:\/\/leapbyrgdc.eu\/wp-content\/uploads\/2026\/02\/b6d8f4ac-d163-4af9-89e6-0b1101a75383-300x300.jpeg 300w, https:\/\/leapbyrgdc.eu\/wp-content\/uploads\/2026\/02\/b6d8f4ac-d163-4af9-89e6-0b1101a75383-150x150.jpeg 150w, https:\/\/leapbyrgdc.eu\/wp-content\/uploads\/2026\/02\/b6d8f4ac-d163-4af9-89e6-0b1101a75383-768x768.jpeg 768w, https:\/\/leapbyrgdc.eu\/wp-content\/uploads\/2026\/02\/b6d8f4ac-d163-4af9-89e6-0b1101a75383-600x600.jpeg 600w, https:\/\/leapbyrgdc.eu\/wp-content\/uploads\/2026\/02\/b6d8f4ac-d163-4af9-89e6-0b1101a75383-100x100.jpeg 100w\" sizes=\"(max-width: 1024px) 100vw, 1024px\" \/>\t\t\t\t\t\t\t\t\t\t\t\t\t\t\t<\/div>\n\t\t\t\t<\/div>\n\t\t\t\t<\/div>\n\t\t\t\t\t<\/div>\n\t\t\t\t<\/div>\n\t\t\t\t<\/div>\n\t\t\t\t<\/div>\n\t\t<div class=\"elementor-element elementor-element-7053d00 e-con-full e-flex e-con e-parent\" data-id=\"7053d00\" data-element_type=\"container\" data-e-type=\"container\">\n\t\t<div class=\"elementor-element elementor-element-25fd117 e-con-full e-flex e-con e-child\" data-id=\"25fd117\" data-element_type=\"container\" data-e-type=\"container\">\n\t\t<div class=\"elementor-element elementor-element-8419b44 e-flex e-con-boxed e-con e-child\" data-id=\"8419b44\" data-element_type=\"container\" data-e-type=\"container\">\n\t\t\t\t\t<div class=\"e-con-inner\">\n\t\t<div class=\"elementor-element elementor-element-91fba78 e-con-full e-flex e-con e-child\" data-id=\"91fba78\" data-element_type=\"container\" data-e-type=\"container\">\n\t\t\t\t<div class=\"elementor-element elementor-element-94112ce elementor-widget elementor-widget-heading\" data-id=\"94112ce\" data-element_type=\"widget\" data-e-type=\"widget\" data-widget_type=\"heading.default\">\n\t\t\t\t<div class=\"elementor-widget-container\">\n\t\t\t\t\t<h2 class=\"elementor-heading-title elementor-size-default\">Christian<\/h2>\t\t\t\t<\/div>\n\t\t\t\t<\/div>\n\t\t\t\t<div class=\"elementor-element elementor-element-805ebef elementor-widget elementor-widget-heading\" data-id=\"805ebef\" data-element_type=\"widget\" data-e-type=\"widget\" data-widget_type=\"heading.default\">\n\t\t\t\t<div class=\"elementor-widget-container\">\n\t\t\t\t\t<h6 class=\"elementor-heading-title elementor-size-default\">Co-founder of LEAP \u00b7 Entrepreneur, Executive, and Leonardo 3.4.5\u00ae Master-Trainer<\/h6>\t\t\t\t<\/div>\n\t\t\t\t<\/div>\n\t\t\t\t<div class=\"elementor-element elementor-element-02cc01d elementor-widget-divider--view-line elementor-widget elementor-widget-divider\" data-id=\"02cc01d\" data-element_type=\"widget\" data-e-type=\"widget\" data-widget_type=\"divider.default\">\n\t\t\t\t<div class=\"elementor-widget-container\">\n\t\t\t\t\t\t\t<div class=\"elementor-divider\">\n\t\t\t<span class=\"elementor-divider-separator\">\n\t\t\t\t\t\t<\/span>\n\t\t<\/div>\n\t\t\t\t\t\t<\/div>\n\t\t\t\t<\/div>\n\t\t\t\t<div class=\"elementor-element elementor-element-958c97d elementor-widget elementor-widget-text-editor\" data-id=\"958c97d\" data-element_type=\"widget\" data-e-type=\"widget\" data-widget_type=\"text-editor.default\">\n\t\t\t\t<div class=\"elementor-widget-container\">\n\t\t\t\t\t\t\t\t\t<p><span style=\"font-weight: 400;\">Co-founder of <\/span><b>LEAP<\/b><span style=\"font-weight: 400;\">, Christian brings over <\/span><b>30 years of experience in managing consulting firms and multidisciplinary teams<\/b><span style=\"font-weight: 400;\">, both in Europe and internationally. His contribution to LEAP aims to secure choices, reveal complementarities, and transform often diffuse reflection into <\/span><b>clear, assertive, and actionable decisions<\/b><span style=\"font-weight: 400;\">.<\/span><\/p><p><span style=\"font-weight: 400;\">Throughout his career, he has supported organizations, executives, and entrepreneurs during <\/span><b>pivotal moments<\/b><span style=\"font-weight: 400;\">: strategic repositioning, growth, reorganization, business creation, or complex decisions with high personal stakes. This field experience (in <\/span><b>Belgium, France, Romania<\/b><span style=\"font-weight: 400;\">, <\/span><b>Turkey <\/b><span style=\"font-weight: 400;\">and on the <\/span><b>African continent<\/b><span style=\"font-weight: 400;\">) has allowed him to experience and understand <\/span><b>the full spectrum of entrepreneurial realities<\/b><span style=\"font-weight: 400;\">, far beyond theoretical models.<\/span><\/p><p><span style=\"font-weight: 400;\">At <\/span><b>LEAP<\/b><span style=\"font-weight: 400;\">, Christian embodies a strong conviction: <\/span><b>structuring decisions cannot be sustainable without a deep understanding of human drivers<\/b><span style=\"font-weight: 400;\">. It is in this logic that he is a <\/span><b>certified trainer and disseminator of the Leonardo 3.4.5\u00ae method in the Benelux<\/b><span style=\"font-weight: 400;\">, which he uses as a <\/span><b>tool for insight, clarification, and decision support<\/b><span style=\"font-weight: 400;\">.<\/span><\/p><p><span style=\"font-weight: 400;\">Holding a <\/span><b>Master&#8217;s degree in mathematical sciences<\/b><span style=\"font-weight: 400;\">, Christian combines <\/span><b>analytical rigor<\/b><span style=\"font-weight: 400;\">, <\/span><b>systemic understanding of situations<\/b><span style=\"font-weight: 400;\"> and <\/span><b>a deeply human approach<\/b><span style=\"font-weight: 400;\">. <\/span> <\/p><p><span style=\"font-weight: 400;\">He supports LEAP clients in <\/span><b>French and English<\/b><span style=\"font-weight: 400;\">, with a demanding, structuring, and results-oriented approach.<\/span><\/p>\t\t\t\t\t\t\t\t<\/div>\n\t\t\t\t<\/div>\n\t\t\t\t<\/div>\n\t\t<div class=\"elementor-element elementor-element-9027b5f e-con-full e-flex e-con e-child\" data-id=\"9027b5f\" data-element_type=\"container\" data-e-type=\"container\">\n\t\t\t\t<div class=\"elementor-element elementor-element-be4bbbf elementor-widget elementor-widget-image\" data-id=\"be4bbbf\" data-element_type=\"widget\" data-e-type=\"widget\" data-widget_type=\"image.default\">\n\t\t\t\t<div class=\"elementor-widget-container\">\n\t\t\t\t\t\t\t\t\t\t\t\t\t\t\t<img decoding=\"async\" width=\"1024\" height=\"1536\" src=\"https:\/\/leapbyrgdc.eu\/wp-content\/uploads\/2026\/03\/2fdc1631-81c7-473b-a4a4-77631999897f.jpeg\" class=\"attachment-full size-full wp-image-2373\" alt=\"\" srcset=\"https:\/\/leapbyrgdc.eu\/wp-content\/uploads\/2026\/03\/2fdc1631-81c7-473b-a4a4-77631999897f.jpeg 1024w, https:\/\/leapbyrgdc.eu\/wp-content\/uploads\/2026\/03\/2fdc1631-81c7-473b-a4a4-77631999897f-200x300.jpeg 200w, https:\/\/leapbyrgdc.eu\/wp-content\/uploads\/2026\/03\/2fdc1631-81c7-473b-a4a4-77631999897f-683x1024.jpeg 683w, https:\/\/leapbyrgdc.eu\/wp-content\/uploads\/2026\/03\/2fdc1631-81c7-473b-a4a4-77631999897f-768x1152.jpeg 768w, https:\/\/leapbyrgdc.eu\/wp-content\/uploads\/2026\/03\/2fdc1631-81c7-473b-a4a4-77631999897f-600x900.jpeg 600w\" sizes=\"(max-width: 1024px) 100vw, 1024px\" \/>\t\t\t\t\t\t\t\t\t\t\t\t\t\t\t<\/div>\n\t\t\t\t<\/div>\n\t\t\t\t<\/div>\n\t\t\t\t\t<\/div>\n\t\t\t\t<\/div>\n\t\t\t\t<\/div>\n\t\t\t\t<\/div>\n\t\t\t\t<\/div>\n\t\t","protected":false},"excerpt":{"rendered":"<p>Our Team David Co-founder of LEAP \u00b7 Leonardo 3.4.5\u00ae Consultant \u00b7 International Cooperation Project Manager Co-founder of LEAP, David supports professionals and project leaders facing moments of transition, re-evaluation, or strategic repositioning. With a degree in political science and Leonardo 3.4.5\u00ae accredited since 2020, he has been working for several years in the field of [&hellip;]<\/p>\n","protected":false},"author":1,"featured_media":2309,"parent":0,"menu_order":0,"comment_status":"closed","ping_status":"closed","template":"","meta":{"site-sidebar-layout":"no-sidebar","site-content-layout":"page-builder","ast-site-content-layout":"full-width-container","site-content-style":"unboxed","site-sidebar-style":"unboxed","ast-global-header-display":"","ast-banner-title-visibility":"","ast-main-header-display":"","ast-hfb-above-header-display":"","ast-hfb-below-header-display":"","ast-hfb-mobile-header-display":"","site-post-title":"disabled","ast-breadcrumbs-content":"","ast-featured-img":"disabled","footer-sml-layout":"","ast-disable-related-posts":"","theme-transparent-header-meta":"enabled","adv-header-id-meta":"","stick-header-meta":"","header-above-stick-meta":"","header-main-stick-meta":"","header-below-stick-meta":"","astra-migrate-meta-layouts":"default","ast-page-background-enabled":"default","ast-page-background-meta":{"desktop":{"background-color":"","background-image":"","background-repeat":"repeat","background-position":"center center","background-size":"auto","background-attachment":"scroll","background-type":"","background-media":"","overlay-type":"","overlay-color":"","overlay-opacity":"","overlay-gradient":""},"tablet":{"background-color":"","background-image":"","background-repeat":"repeat","background-position":"center center","background-size":"auto","background-attachment":"scroll","background-type":"","background-media":"","overlay-type":"","overlay-color":"","overlay-opacity":"","overlay-gradient":""},"mobile":{"background-color":"","background-image":"","background-repeat":"repeat","background-position":"center center","background-size":"auto","background-attachment":"scroll","background-type":"","background-media":"","overlay-type":"","overlay-color":"","overlay-opacity":"","overlay-gradient":""}},"ast-content-background-meta":{"desktop":{"background-color":"var(--ast-global-color-5)","background-image":"","background-repeat":"repeat","background-position":"center center","background-size":"auto","background-attachment":"scroll","background-type":"","background-media":"","overlay-type":"","overlay-color":"","overlay-opacity":"","overlay-gradient":""},"tablet":{"background-color":"var(--ast-global-color-5)","background-image":"","background-repeat":"repeat","background-position":"center center","background-size":"auto","background-attachment":"scroll","background-type":"","background-media":"","overlay-type":"","overlay-color":"","overlay-opacity":"","overlay-gradient":""},"mobile":{"background-color":"var(--ast-global-color-5)","background-image":"","background-repeat":"repeat","background-position":"center center","background-size":"auto","background-attachment":"scroll","background-type":"","background-media":"","overlay-type":"","overlay-color":"","overlay-opacity":"","overlay-gradient":""}},"footnotes":""},"class_list":["post-1735","page","type-page","status-publish","has-post-thumbnail","hentry"],"yoast_head":"<!-- This site is optimized with the Yoast SEO plugin v27.2 - https:\/\/yoast.com\/product\/yoast-seo-wordpress\/ -->\n<title>Our Team - The experts behind LEAP by RGDC<\/title>\n<meta name=\"description\" content=\"Discover the LEAP team: backgrounds, expertise, and approach. Human-centric, results-oriented support for a successful professional transition.\" \/>\n<meta name=\"robots\" content=\"index, follow, max-snippet:-1, max-image-preview:large, max-video-preview:-1\" \/>\n<link rel=\"canonical\" href=\"https:\/\/leapbyrgdc.eu\/en\/about-2\/\" \/>\n<meta property=\"og:locale\" content=\"en_US\" \/>\n<meta property=\"og:type\" content=\"article\" \/>\n<meta property=\"og:title\" content=\"Our Team - The experts behind LEAP by RGDC\" \/>\n<meta property=\"og:description\" content=\"Discover the LEAP team: backgrounds, expertise, and approach. Human-centric, results-oriented support for a successful professional transition.\" \/>\n<meta property=\"og:url\" content=\"https:\/\/leapbyrgdc.eu\/en\/about-2\/\" \/>\n<meta property=\"og:site_name\" content=\"Leap by RGDC\" \/>\n<meta property=\"article:modified_time\" content=\"2026-03-03T14:38:09+00:00\" \/>\n<meta property=\"og:image\" content=\"https:\/\/leapbyrgdc.eu\/wp-content\/uploads\/2025\/12\/meeting-9498211_1280.webp\" \/>\n\t<meta property=\"og:image:width\" content=\"640\" \/>\n\t<meta property=\"og:image:height\" content=\"453\" \/>\n\t<meta property=\"og:image:type\" content=\"image\/webp\" \/>\n<meta name=\"twitter:card\" content=\"summary_large_image\" \/>\n<meta name=\"twitter:label1\" content=\"Est. reading time\" \/>\n\t<meta name=\"twitter:data1\" content=\"2 minutes\" \/>\n<script type=\"application\/ld+json\" class=\"yoast-schema-graph\">{\"@context\":\"https:\/\/schema.org\",\"@graph\":[{\"@type\":\"WebPage\",\"@id\":\"https:\/\/leapbyrgdc.eu\/en\/about-2\/\",\"url\":\"https:\/\/leapbyrgdc.eu\/en\/about-2\/\",\"name\":\"Our Team - The experts behind LEAP by RGDC\",\"isPartOf\":{\"@id\":\"https:\/\/leapbyrgdc.eu\/en\/#website\"},\"primaryImageOfPage\":{\"@id\":\"https:\/\/leapbyrgdc.eu\/en\/about-2\/#primaryimage\"},\"image\":{\"@id\":\"https:\/\/leapbyrgdc.eu\/en\/about-2\/#primaryimage\"},\"thumbnailUrl\":\"https:\/\/leapbyrgdc.eu\/wp-content\/uploads\/2025\/12\/meeting-9498211_1280.webp\",\"datePublished\":\"2025-12-30T13:08:41+00:00\",\"dateModified\":\"2026-03-03T14:38:09+00:00\",\"description\":\"Discover the LEAP team: backgrounds, expertise, and approach. Human-centric, results-oriented support for a successful professional transition.\",\"breadcrumb\":{\"@id\":\"https:\/\/leapbyrgdc.eu\/en\/about-2\/#breadcrumb\"},\"inLanguage\":\"en-US\",\"potentialAction\":[{\"@type\":\"ReadAction\",\"target\":[\"https:\/\/leapbyrgdc.eu\/en\/about-2\/\"]}]},{\"@type\":\"ImageObject\",\"inLanguage\":\"en-US\",\"@id\":\"https:\/\/leapbyrgdc.eu\/en\/about-2\/#primaryimage\",\"url\":\"https:\/\/leapbyrgdc.eu\/wp-content\/uploads\/2025\/12\/meeting-9498211_1280.webp\",\"contentUrl\":\"https:\/\/leapbyrgdc.eu\/wp-content\/uploads\/2025\/12\/meeting-9498211_1280.webp\",\"width\":640,\"height\":453,\"caption\":\"Handshake Meeting\"},{\"@type\":\"BreadcrumbList\",\"@id\":\"https:\/\/leapbyrgdc.eu\/en\/about-2\/#breadcrumb\",\"itemListElement\":[{\"@type\":\"ListItem\",\"position\":1,\"name\":\"Home\",\"item\":\"https:\/\/leapbyrgdc.eu\/en\/home\/\"},{\"@type\":\"ListItem\",\"position\":2,\"name\":\"Our Team\"}]},{\"@type\":\"WebSite\",\"@id\":\"https:\/\/leapbyrgdc.eu\/en\/#website\",\"url\":\"https:\/\/leapbyrgdc.eu\/en\/\",\"name\":\"Leap by RGDC\",\"description\":\"R\u00e9inventez votre trajectoire. Acc\u00e9l\u00e9rez votre r\u00e9ussite.\",\"potentialAction\":[{\"@type\":\"SearchAction\",\"target\":{\"@type\":\"EntryPoint\",\"urlTemplate\":\"https:\/\/leapbyrgdc.eu\/en\/?s={search_term_string}\"},\"query-input\":{\"@type\":\"PropertyValueSpecification\",\"valueRequired\":true,\"valueName\":\"search_term_string\"}}],\"inLanguage\":\"en-US\"}]}<\/script>\n<!-- \/ Yoast SEO plugin. -->","yoast_head_json":{"title":"Our Team - The experts behind LEAP by RGDC","description":"Discover the LEAP team: backgrounds, expertise, and approach. Human-centric, results-oriented support for a successful professional transition.","robots":{"index":"index","follow":"follow","max-snippet":"max-snippet:-1","max-image-preview":"max-image-preview:large","max-video-preview":"max-video-preview:-1"},"canonical":"https:\/\/leapbyrgdc.eu\/en\/about-2\/","og_locale":"en_US","og_type":"article","og_title":"Our Team - The experts behind LEAP by RGDC","og_description":"Discover the LEAP team: backgrounds, expertise, and approach. Human-centric, results-oriented support for a successful professional transition.","og_url":"https:\/\/leapbyrgdc.eu\/en\/about-2\/","og_site_name":"Leap by RGDC","article_modified_time":"2026-03-03T14:38:09+00:00","og_image":[{"width":640,"height":453,"url":"https:\/\/leapbyrgdc.eu\/wp-content\/uploads\/2025\/12\/meeting-9498211_1280.webp","type":"image\/webp"}],"twitter_card":"summary_large_image","twitter_misc":{"Est. reading time":"2 minutes"},"schema":{"@context":"https:\/\/schema.org","@graph":[{"@type":"WebPage","@id":"https:\/\/leapbyrgdc.eu\/en\/about-2\/","url":"https:\/\/leapbyrgdc.eu\/en\/about-2\/","name":"Our Team - The experts behind LEAP by RGDC","isPartOf":{"@id":"https:\/\/leapbyrgdc.eu\/en\/#website"},"primaryImageOfPage":{"@id":"https:\/\/leapbyrgdc.eu\/en\/about-2\/#primaryimage"},"image":{"@id":"https:\/\/leapbyrgdc.eu\/en\/about-2\/#primaryimage"},"thumbnailUrl":"https:\/\/leapbyrgdc.eu\/wp-content\/uploads\/2025\/12\/meeting-9498211_1280.webp","datePublished":"2025-12-30T13:08:41+00:00","dateModified":"2026-03-03T14:38:09+00:00","description":"Discover the LEAP team: backgrounds, expertise, and approach. Human-centric, results-oriented support for a successful professional transition.","breadcrumb":{"@id":"https:\/\/leapbyrgdc.eu\/en\/about-2\/#breadcrumb"},"inLanguage":"en-US","potentialAction":[{"@type":"ReadAction","target":["https:\/\/leapbyrgdc.eu\/en\/about-2\/"]}]},{"@type":"ImageObject","inLanguage":"en-US","@id":"https:\/\/leapbyrgdc.eu\/en\/about-2\/#primaryimage","url":"https:\/\/leapbyrgdc.eu\/wp-content\/uploads\/2025\/12\/meeting-9498211_1280.webp","contentUrl":"https:\/\/leapbyrgdc.eu\/wp-content\/uploads\/2025\/12\/meeting-9498211_1280.webp","width":640,"height":453,"caption":"Handshake Meeting"},{"@type":"BreadcrumbList","@id":"https:\/\/leapbyrgdc.eu\/en\/about-2\/#breadcrumb","itemListElement":[{"@type":"ListItem","position":1,"name":"Home","item":"https:\/\/leapbyrgdc.eu\/en\/home\/"},{"@type":"ListItem","position":2,"name":"Our Team"}]},{"@type":"WebSite","@id":"https:\/\/leapbyrgdc.eu\/en\/#website","url":"https:\/\/leapbyrgdc.eu\/en\/","name":"Leap by RGDC","description":"R\u00e9inventez votre trajectoire. Acc\u00e9l\u00e9rez votre r\u00e9ussite.","potentialAction":[{"@type":"SearchAction","target":{"@type":"EntryPoint","urlTemplate":"https:\/\/leapbyrgdc.eu\/en\/?s={search_term_string}"},"query-input":{"@type":"PropertyValueSpecification","valueRequired":true,"valueName":"search_term_string"}}],"inLanguage":"en-US"}]}},"_links":{"self":[{"href":"https:\/\/leapbyrgdc.eu\/en\/wp-json\/wp\/v2\/pages\/1735","targetHints":{"allow":["GET"]}}],"collection":[{"href":"https:\/\/leapbyrgdc.eu\/en\/wp-json\/wp\/v2\/pages"}],"about":[{"href":"https:\/\/leapbyrgdc.eu\/en\/wp-json\/wp\/v2\/types\/page"}],"author":[{"embeddable":true,"href":"https:\/\/leapbyrgdc.eu\/en\/wp-json\/wp\/v2\/users\/1"}],"replies":[{"embeddable":true,"href":"https:\/\/leapbyrgdc.eu\/en\/wp-json\/wp\/v2\/comments?post=1735"}],"version-history":[{"count":14,"href":"https:\/\/leapbyrgdc.eu\/en\/wp-json\/wp\/v2\/pages\/1735\/revisions"}],"predecessor-version":[{"id":2377,"href":"https:\/\/leapbyrgdc.eu\/en\/wp-json\/wp\/v2\/pages\/1735\/revisions\/2377"}],"wp:featuredmedia":[{"embeddable":true,"href":"https:\/\/leapbyrgdc.eu\/en\/wp-json\/wp\/v2\/media\/2309"}],"wp:attachment":[{"href":"https:\/\/leapbyrgdc.eu\/en\/wp-json\/wp\/v2\/media?parent=1735"}],"curies":[{"name":"wp","href":"https:\/\/api.w.org\/{rel}","templated":true}]}}