{"id":1653,"date":"2025-12-18T10:09:54","date_gmt":"2025-12-18T09:09:54","guid":{"rendered":"https:\/\/leapbyrgdc.eu\/contact\/"},"modified":"2026-02-12T09:54:17","modified_gmt":"2026-02-12T08:54:17","slug":"contact","status":"publish","type":"page","link":"https:\/\/leapbyrgdc.eu\/nl\/contact\/","title":{"rendered":"Contact"},"content":{"rendered":"\t\t<div data-elementor-type=\"wp-post\" data-elementor-id=\"1653\" class=\"elementor elementor-1653 elementor-674\" data-elementor-post-type=\"page\">\n\t\t\t\t<div class=\"elementor-element elementor-element-ae72f9f e-flex e-con-boxed e-con e-parent\" data-id=\"ae72f9f\" data-element_type=\"container\" data-e-type=\"container\" data-settings=\"{&quot;background_background&quot;:&quot;classic&quot;}\">\n\t\t\t\t\t<div class=\"e-con-inner\">\n\t\t<div class=\"elementor-element elementor-element-f65a6b6 e-con-full e-flex e-con e-child\" data-id=\"f65a6b6\" data-element_type=\"container\" data-e-type=\"container\">\n\t\t<div class=\"elementor-element elementor-element-3a31db3 e-con-full e-flex e-con e-child\" data-id=\"3a31db3\" data-element_type=\"container\" data-e-type=\"container\">\n\t\t\t\t<div class=\"elementor-element elementor-element-6a844c2 elementor-vertical-align-top elementor-widget elementor-widget-image-box\" data-id=\"6a844c2\" data-element_type=\"widget\" data-e-type=\"widget\" data-widget_type=\"image-box.default\">\n\t\t\t\t<div class=\"elementor-widget-container\">\n\t\t\t\t\t<div class=\"elementor-image-box-wrapper\"><div class=\"elementor-image-box-content\"><h5 class=\"elementor-image-box-title\">Stuur ons een e-mail:<\/h5><p class=\"elementor-image-box-description\"><a href=\"mailto:contact@leapbyrgdc.eu\">contact@leapbyrgdc.eu<\/a><\/p><\/div><\/div>\t\t\t\t<\/div>\n\t\t\t\t<\/div>\n\t\t\t\t<div class=\"elementor-element elementor-element-ca17b03 elementor-vertical-align-top elementor-widget elementor-widget-image-box\" data-id=\"ca17b03\" data-element_type=\"widget\" data-e-type=\"widget\" data-widget_type=\"image-box.default\">\n\t\t\t\t<div class=\"elementor-widget-container\">\n\t\t\t\t\t<div class=\"elementor-image-box-wrapper\"><div class=\"elementor-image-box-content\"><h5 class=\"elementor-image-box-title\">Bel ons:<\/h5><p class=\"elementor-image-box-description\"><a href=\"tel:+32478270895\">+32 478 27 08 95<\/a><\/p><\/div><\/div>\t\t\t\t<\/div>\n\t\t\t\t<\/div>\n\t\t\t\t<\/div>\n\t\t\t\t<\/div>\n\t\t<div class=\"elementor-element elementor-element-d228d51 e-con-full e-flex e-con e-child\" data-id=\"d228d51\" data-element_type=\"container\" data-e-type=\"container\" id=\"contact-form\">\n\t\t\t\t<div class=\"elementor-element elementor-element-5c8e4f6 elementor-widget elementor-widget-heading\" data-id=\"5c8e4f6\" data-element_type=\"widget\" data-e-type=\"widget\" data-widget_type=\"heading.default\">\n\t\t\t\t<div class=\"elementor-widget-container\">\n\t\t\t\t\t<h1 class=\"elementor-heading-title elementor-size-default\">Neem contact met ons op<\/h1>\t\t\t\t<\/div>\n\t\t\t\t<\/div>\n\t\t\t\t<div class=\"elementor-element elementor-element-ea6d591 elementor-button-align-stretch elementor-widget elementor-widget-form\" data-id=\"ea6d591\" data-element_type=\"widget\" data-e-type=\"widget\" data-settings=\"{&quot;step_next_label&quot;:&quot;Volgende&quot;,&quot;step_previous_label&quot;:&quot;Vorige&quot;,&quot;button_width&quot;:&quot;100&quot;,&quot;step_type&quot;:&quot;number_text&quot;,&quot;step_icon_shape&quot;:&quot;circle&quot;}\" data-widget_type=\"form.default\">\n\t\t\t\t<div class=\"elementor-widget-container\">\n\t\t\t\t\t\t\t<form class=\"elementor-form\" method=\"post\" name=\"Nieuw formulier\" aria-label=\"Nieuw formulier\">\n\t\t\t<input type=\"hidden\" name=\"post_id\" value=\"1653\"\/>\n\t\t\t<input type=\"hidden\" name=\"form_id\" value=\"ea6d591\"\/>\n\t\t\t<input type=\"hidden\" name=\"referer_title\" value=\"Bespreek uw professionele situatie met LEAP by RGDC\" \/>\n\n\t\t\t\t\t\t\t<input type=\"hidden\" name=\"queried_id\" value=\"1653\"\/>\n\t\t\t\n\t\t\t<div class=\"elementor-form-fields-wrapper elementor-labels-\">\n\t\t\t\t\t\t\t\t<div class=\"elementor-field-type-text elementor-field-group elementor-column elementor-field-group-name elementor-col-100\">\n\t\t\t\t\t\t\t\t\t\t\t\t<label for=\"form-field-name\" class=\"elementor-field-label elementor-screen-only\">\n\t\t\t\t\t\t\t\tUw naam\t\t\t\t\t\t\t<\/label>\n\t\t\t\t\t\t\t\t\t\t\t\t\t\t<input size=\"1\" type=\"text\" name=\"form_fields[name]\" id=\"form-field-name\" class=\"elementor-field elementor-size-sm  elementor-field-textual\" placeholder=\"Uw naam\">\n\t\t\t\t\t\t\t\t\t\t\t<\/div>\n\t\t\t\t\t\t\t\t<div class=\"elementor-field-type-email elementor-field-group elementor-column elementor-field-group-email elementor-col-100 elementor-field-required\">\n\t\t\t\t\t\t\t\t\t\t\t\t<label for=\"form-field-email\" class=\"elementor-field-label elementor-screen-only\">\n\t\t\t\t\t\t\t\tE-mail\t\t\t\t\t\t\t<\/label>\n\t\t\t\t\t\t\t\t\t\t\t\t\t\t<input size=\"1\" type=\"email\" name=\"form_fields[email]\" id=\"form-field-email\" class=\"elementor-field elementor-size-sm  elementor-field-textual\" placeholder=\"Uw e-mailadres\" required=\"required\">\n\t\t\t\t\t\t\t\t\t\t\t<\/div>\n\t\t\t\t\t\t\t\t<div class=\"elementor-field-type-textarea elementor-field-group elementor-column elementor-field-group-message elementor-col-100 elementor-field-required\">\n\t\t\t\t\t\t\t\t\t\t\t\t<label for=\"form-field-message\" class=\"elementor-field-label elementor-screen-only\">\n\t\t\t\t\t\t\t\tBericht\t\t\t\t\t\t\t<\/label>\n\t\t\t\t\t\t<textarea class=\"elementor-field-textual elementor-field  elementor-size-sm\" name=\"form_fields[message]\" id=\"form-field-message\" rows=\"4\" placeholder=\"Uw bericht\" required=\"required\"><\/textarea>\t\t\t\t<\/div>\n\t\t\t\t\t\t\t\t<div class=\"elementor-field-type-text\">\n\t\t\t\t\t<input size=\"1\" type=\"text\" name=\"form_fields[field_e54e4bc]\" id=\"form-field-field_e54e4bc\" class=\"elementor-field elementor-size-sm \" style=\"display:none !important;\">\t\t\t\t<\/div>\n\t\t\t\t\t\t\t\t<div class=\"elementor-field-type-recaptcha_v3 elementor-field-group elementor-column elementor-field-group-field_1927697 elementor-col-100 recaptcha_v3-bottomright\">\n\t\t\t\t\t<div class=\"elementor-field\" id=\"form-field-field_1927697\"><div class=\"elementor-g-recaptcha\" data-sitekey=\"6LdIiGUsAAAAAIJtOg-NNgQg64RFx2kGZA9IofMZ\" data-type=\"v3\" data-action=\"Form\" data-badge=\"bottomright\" data-size=\"invisible\"><\/div><\/div>\t\t\t\t<\/div>\n\t\t\t\t\t\t\t\t<div class=\"elementor-field-group elementor-column elementor-field-type-submit elementor-col-100 e-form__buttons\">\n\t\t\t\t\t<button class=\"elementor-button elementor-size-sm\" type=\"submit\">\n\t\t\t\t\t\t<span class=\"elementor-button-content-wrapper\">\n\t\t\t\t\t\t\t\t\t\t\t\t\t\t\t\t\t\t\t\t\t\t<span class=\"elementor-button-text\">Verzenden<\/span>\n\t\t\t\t\t\t\t\t\t\t\t\t\t<\/span>\n\t\t\t\t\t<\/button>\n\t\t\t\t<\/div>\n\t\t\t<\/div>\n\t\t<\/form>\n\t\t\t\t\t\t<\/div>\n\t\t\t\t<\/div>\n\t\t\t\t<\/div>\n\t\t\t\t\t<\/div>\n\t\t\t\t<\/div>\n\t\t\t\t<\/div>\n\t\t","protected":false},"excerpt":{"rendered":"<p>Stuur ons een e-mail: contact@leapbyrgdc.eu Bel ons: +32 478 27 08 95 Neem contact met ons op<\/p>\n","protected":false},"author":1,"featured_media":2184,"parent":0,"menu_order":0,"comment_status":"closed","ping_status":"closed","template":"","meta":{"site-sidebar-layout":"no-sidebar","site-content-layout":"page-builder","ast-site-content-layout":"full-width-container","site-content-style":"unboxed","site-sidebar-style":"unboxed","ast-global-header-display":"","ast-banner-title-visibility":"","ast-main-header-display":"","ast-hfb-above-header-display":"","ast-hfb-below-header-display":"","ast-hfb-mobile-header-display":"","site-post-title":"disabled","ast-breadcrumbs-content":"","ast-featured-img":"disabled","footer-sml-layout":"","ast-disable-related-posts":"","theme-transparent-header-meta":"enabled","adv-header-id-meta":"","stick-header-meta":"","header-above-stick-meta":"","header-main-stick-meta":"","header-below-stick-meta":"","astra-migrate-meta-layouts":"default","ast-page-background-enabled":"default","ast-page-background-meta":{"desktop":{"background-color":"","background-image":"","background-repeat":"repeat","background-position":"center center","background-size":"auto","background-attachment":"scroll","background-type":"","background-media":"","overlay-type":"","overlay-color":"","overlay-opacity":"","overlay-gradient":""},"tablet":{"background-color":"","background-image":"","background-repeat":"repeat","background-position":"center center","background-size":"auto","background-attachment":"scroll","background-type":"","background-media":"","overlay-type":"","overlay-color":"","overlay-opacity":"","overlay-gradient":""},"mobile":{"background-color":"","background-image":"","background-repeat":"repeat","background-position":"center center","background-size":"auto","background-attachment":"scroll","background-type":"","background-media":"","overlay-type":"","overlay-color":"","overlay-opacity":"","overlay-gradient":""}},"ast-content-background-meta":{"desktop":{"background-color":"var(--ast-global-color-5)","background-image":"","background-repeat":"repeat","background-position":"center center","background-size":"auto","background-attachment":"scroll","background-type":"","background-media":"","overlay-type":"","overlay-color":"","overlay-opacity":"","overlay-gradient":""},"tablet":{"background-color":"var(--ast-global-color-5)","background-image":"","background-repeat":"repeat","background-position":"center center","background-size":"auto","background-attachment":"scroll","background-type":"","background-media":"","overlay-type":"","overlay-color":"","overlay-opacity":"","overlay-gradient":""},"mobile":{"background-color":"var(--ast-global-color-5)","background-image":"","background-repeat":"repeat","background-position":"center center","background-size":"auto","background-attachment":"scroll","background-type":"","background-media":"","overlay-type":"","overlay-color":"","overlay-opacity":"","overlay-gradient":""}},"footnotes":""},"class_list":["post-1653","page","type-page","status-publish","has-post-thumbnail","hentry"],"yoast_head":"<!-- This site is optimized with the Yoast SEO plugin v27.2 - https:\/\/yoast.com\/product\/yoast-seo-wordpress\/ -->\n<title>Bespreek uw professionele situatie met LEAP by RGDC<\/title>\n<meta name=\"description\" content=\"Een vraag of wilt u graag van gedachten wisselen? Neem contact op met LEAP om uw professionele situatie te bespreken en het meest passende aanbod voor u te bepalen!\" \/>\n<meta name=\"robots\" content=\"index, follow, max-snippet:-1, max-image-preview:large, max-video-preview:-1\" \/>\n<link rel=\"canonical\" href=\"https:\/\/leapbyrgdc.eu\/nl\/contact\/\" \/>\n<meta property=\"og:locale\" content=\"nl_NL\" \/>\n<meta property=\"og:type\" content=\"article\" \/>\n<meta property=\"og:title\" content=\"Bespreek uw professionele situatie met LEAP by RGDC\" \/>\n<meta property=\"og:description\" content=\"Een vraag of wilt u graag van gedachten wisselen? Neem contact op met LEAP om uw professionele situatie te bespreken en het meest passende aanbod voor u te bepalen!\" \/>\n<meta property=\"og:url\" content=\"https:\/\/leapbyrgdc.eu\/nl\/contact\/\" \/>\n<meta property=\"og:site_name\" content=\"Leap by RGDC\" \/>\n<meta property=\"article:modified_time\" content=\"2026-02-12T08:54:17+00:00\" \/>\n<meta property=\"og:image\" content=\"https:\/\/leapbyrgdc.eu\/wp-content\/uploads\/2026\/02\/ChatGPT-Image-6-fevr.-2026-14_44_29-1.png\" \/>\n\t<meta property=\"og:image:width\" content=\"1536\" \/>\n\t<meta property=\"og:image:height\" content=\"1024\" \/>\n\t<meta property=\"og:image:type\" content=\"image\/png\" \/>\n<meta name=\"twitter:card\" content=\"summary_large_image\" \/>\n<script type=\"application\/ld+json\" class=\"yoast-schema-graph\">{\"@context\":\"https:\/\/schema.org\",\"@graph\":[{\"@type\":\"WebPage\",\"@id\":\"https:\/\/leapbyrgdc.eu\/nl\/contact\/\",\"url\":\"https:\/\/leapbyrgdc.eu\/nl\/contact\/\",\"name\":\"Bespreek uw professionele situatie met LEAP by RGDC\",\"isPartOf\":{\"@id\":\"https:\/\/leapbyrgdc.eu\/nl\/#website\"},\"primaryImageOfPage\":{\"@id\":\"https:\/\/leapbyrgdc.eu\/nl\/contact\/#primaryimage\"},\"image\":{\"@id\":\"https:\/\/leapbyrgdc.eu\/nl\/contact\/#primaryimage\"},\"thumbnailUrl\":\"https:\/\/leapbyrgdc.eu\/wp-content\/uploads\/2026\/02\/ChatGPT-Image-6-fevr.-2026-14_44_29-1.png\",\"datePublished\":\"2025-12-18T09:09:54+00:00\",\"dateModified\":\"2026-02-12T08:54:17+00:00\",\"description\":\"Een vraag of wilt u graag van gedachten wisselen? Neem contact op met LEAP om uw professionele situatie te bespreken en het meest passende aanbod voor u te bepalen!\",\"breadcrumb\":{\"@id\":\"https:\/\/leapbyrgdc.eu\/nl\/contact\/#breadcrumb\"},\"inLanguage\":\"nl-NL\",\"potentialAction\":[{\"@type\":\"ReadAction\",\"target\":[\"https:\/\/leapbyrgdc.eu\/nl\/contact\/\"]}]},{\"@type\":\"ImageObject\",\"inLanguage\":\"nl-NL\",\"@id\":\"https:\/\/leapbyrgdc.eu\/nl\/contact\/#primaryimage\",\"url\":\"https:\/\/leapbyrgdc.eu\/wp-content\/uploads\/2026\/02\/ChatGPT-Image-6-fevr.-2026-14_44_29-1.png\",\"contentUrl\":\"https:\/\/leapbyrgdc.eu\/wp-content\/uploads\/2026\/02\/ChatGPT-Image-6-fevr.-2026-14_44_29-1.png\",\"width\":1536,\"height\":1024,\"caption\":\"Un groupe de personne choisit la bonne trajectoire.\"},{\"@type\":\"BreadcrumbList\",\"@id\":\"https:\/\/leapbyrgdc.eu\/nl\/contact\/#breadcrumb\",\"itemListElement\":[{\"@type\":\"ListItem\",\"position\":1,\"name\":\"Home\",\"item\":\"https:\/\/leapbyrgdc.eu\/nl\/home\/\"},{\"@type\":\"ListItem\",\"position\":2,\"name\":\"Contact\"}]},{\"@type\":\"WebSite\",\"@id\":\"https:\/\/leapbyrgdc.eu\/nl\/#website\",\"url\":\"https:\/\/leapbyrgdc.eu\/nl\/\",\"name\":\"Leap by RGDC\",\"description\":\"R\u00e9inventez votre trajectoire. Acc\u00e9l\u00e9rez votre r\u00e9ussite.\",\"potentialAction\":[{\"@type\":\"SearchAction\",\"target\":{\"@type\":\"EntryPoint\",\"urlTemplate\":\"https:\/\/leapbyrgdc.eu\/nl\/?s={search_term_string}\"},\"query-input\":{\"@type\":\"PropertyValueSpecification\",\"valueRequired\":true,\"valueName\":\"search_term_string\"}}],\"inLanguage\":\"nl-NL\"}]}<\/script>\n<!-- \/ Yoast SEO plugin. -->","yoast_head_json":{"title":"Bespreek uw professionele situatie met LEAP by RGDC","description":"Een vraag of wilt u graag van gedachten wisselen? Neem contact op met LEAP om uw professionele situatie te bespreken en het meest passende aanbod voor u te bepalen!","robots":{"index":"index","follow":"follow","max-snippet":"max-snippet:-1","max-image-preview":"max-image-preview:large","max-video-preview":"max-video-preview:-1"},"canonical":"https:\/\/leapbyrgdc.eu\/nl\/contact\/","og_locale":"nl_NL","og_type":"article","og_title":"Bespreek uw professionele situatie met LEAP by RGDC","og_description":"Een vraag of wilt u graag van gedachten wisselen? Neem contact op met LEAP om uw professionele situatie te bespreken en het meest passende aanbod voor u te bepalen!","og_url":"https:\/\/leapbyrgdc.eu\/nl\/contact\/","og_site_name":"Leap by RGDC","article_modified_time":"2026-02-12T08:54:17+00:00","og_image":[{"width":1536,"height":1024,"url":"https:\/\/leapbyrgdc.eu\/wp-content\/uploads\/2026\/02\/ChatGPT-Image-6-fevr.-2026-14_44_29-1.png","type":"image\/png"}],"twitter_card":"summary_large_image","schema":{"@context":"https:\/\/schema.org","@graph":[{"@type":"WebPage","@id":"https:\/\/leapbyrgdc.eu\/nl\/contact\/","url":"https:\/\/leapbyrgdc.eu\/nl\/contact\/","name":"Bespreek uw professionele situatie met LEAP by RGDC","isPartOf":{"@id":"https:\/\/leapbyrgdc.eu\/nl\/#website"},"primaryImageOfPage":{"@id":"https:\/\/leapbyrgdc.eu\/nl\/contact\/#primaryimage"},"image":{"@id":"https:\/\/leapbyrgdc.eu\/nl\/contact\/#primaryimage"},"thumbnailUrl":"https:\/\/leapbyrgdc.eu\/wp-content\/uploads\/2026\/02\/ChatGPT-Image-6-fevr.-2026-14_44_29-1.png","datePublished":"2025-12-18T09:09:54+00:00","dateModified":"2026-02-12T08:54:17+00:00","description":"Een vraag of wilt u graag van gedachten wisselen? Neem contact op met LEAP om uw professionele situatie te bespreken en het meest passende aanbod voor u te bepalen!","breadcrumb":{"@id":"https:\/\/leapbyrgdc.eu\/nl\/contact\/#breadcrumb"},"inLanguage":"nl-NL","potentialAction":[{"@type":"ReadAction","target":["https:\/\/leapbyrgdc.eu\/nl\/contact\/"]}]},{"@type":"ImageObject","inLanguage":"nl-NL","@id":"https:\/\/leapbyrgdc.eu\/nl\/contact\/#primaryimage","url":"https:\/\/leapbyrgdc.eu\/wp-content\/uploads\/2026\/02\/ChatGPT-Image-6-fevr.-2026-14_44_29-1.png","contentUrl":"https:\/\/leapbyrgdc.eu\/wp-content\/uploads\/2026\/02\/ChatGPT-Image-6-fevr.-2026-14_44_29-1.png","width":1536,"height":1024,"caption":"Un groupe de personne choisit la bonne trajectoire."},{"@type":"BreadcrumbList","@id":"https:\/\/leapbyrgdc.eu\/nl\/contact\/#breadcrumb","itemListElement":[{"@type":"ListItem","position":1,"name":"Home","item":"https:\/\/leapbyrgdc.eu\/nl\/home\/"},{"@type":"ListItem","position":2,"name":"Contact"}]},{"@type":"WebSite","@id":"https:\/\/leapbyrgdc.eu\/nl\/#website","url":"https:\/\/leapbyrgdc.eu\/nl\/","name":"Leap by RGDC","description":"R\u00e9inventez votre trajectoire. Acc\u00e9l\u00e9rez votre r\u00e9ussite.","potentialAction":[{"@type":"SearchAction","target":{"@type":"EntryPoint","urlTemplate":"https:\/\/leapbyrgdc.eu\/nl\/?s={search_term_string}"},"query-input":{"@type":"PropertyValueSpecification","valueRequired":true,"valueName":"search_term_string"}}],"inLanguage":"nl-NL"}]}},"_links":{"self":[{"href":"https:\/\/leapbyrgdc.eu\/nl\/wp-json\/wp\/v2\/pages\/1653","targetHints":{"allow":["GET"]}}],"collection":[{"href":"https:\/\/leapbyrgdc.eu\/nl\/wp-json\/wp\/v2\/pages"}],"about":[{"href":"https:\/\/leapbyrgdc.eu\/nl\/wp-json\/wp\/v2\/types\/page"}],"author":[{"embeddable":true,"href":"https:\/\/leapbyrgdc.eu\/nl\/wp-json\/wp\/v2\/users\/1"}],"replies":[{"embeddable":true,"href":"https:\/\/leapbyrgdc.eu\/nl\/wp-json\/wp\/v2\/comments?post=1653"}],"version-history":[{"count":9,"href":"https:\/\/leapbyrgdc.eu\/nl\/wp-json\/wp\/v2\/pages\/1653\/revisions"}],"predecessor-version":[{"id":2348,"href":"https:\/\/leapbyrgdc.eu\/nl\/wp-json\/wp\/v2\/pages\/1653\/revisions\/2348"}],"wp:featuredmedia":[{"embeddable":true,"href":"https:\/\/leapbyrgdc.eu\/nl\/wp-json\/wp\/v2\/media\/2184"}],"wp:attachment":[{"href":"https:\/\/leapbyrgdc.eu\/nl\/wp-json\/wp\/v2\/media?parent=1653"}],"curies":[{"name":"wp","href":"https:\/\/api.w.org\/{rel}","templated":true}]}}