{"id":1739,"date":"2025-12-30T14:08:41","date_gmt":"2025-12-30T13:08:41","guid":{"rendered":"https:\/\/leapbyrgdc.eu\/over-ons-2\/"},"modified":"2026-03-03T15:38:09","modified_gmt":"2026-03-03T14:38:09","slug":"over-ons-2","status":"publish","type":"page","link":"https:\/\/leapbyrgdc.eu\/nl\/over-ons-2\/","title":{"rendered":"Ons team"},"content":{"rendered":"\t\t<div data-elementor-type=\"wp-post\" data-elementor-id=\"1739\" class=\"elementor elementor-1739 elementor-1733\" data-elementor-post-type=\"page\">\n\t\t\t\t<div class=\"elementor-element elementor-element-2044ce5 e-flex e-con-boxed e-con e-parent\" data-id=\"2044ce5\" data-element_type=\"container\" data-e-type=\"container\" data-settings=\"{&quot;background_background&quot;:&quot;classic&quot;}\">\n\t\t\t\t\t<div class=\"e-con-inner\">\n\t\t<div class=\"elementor-element elementor-element-7a87d0a e-con-full e-flex e-con e-child\" data-id=\"7a87d0a\" data-element_type=\"container\" data-e-type=\"container\">\n\t\t\t\t<div class=\"elementor-element elementor-element-2eb828e elementor-widget elementor-widget-heading\" data-id=\"2eb828e\" data-element_type=\"widget\" data-e-type=\"widget\" data-widget_type=\"heading.default\">\n\t\t\t\t<div class=\"elementor-widget-container\">\n\t\t\t\t\t<h1 class=\"elementor-heading-title elementor-size-default\">Ons team<\/h1>\t\t\t\t<\/div>\n\t\t\t\t<\/div>\n\t\t\t\t<\/div>\n\t\t\t\t\t<\/div>\n\t\t\t\t<\/div>\n\t\t<div class=\"elementor-element elementor-element-d4289f8 e-con-full e-flex e-con e-parent\" data-id=\"d4289f8\" data-element_type=\"container\" data-e-type=\"container\">\n\t\t<div class=\"elementor-element elementor-element-1929750 e-con-full e-flex e-con e-child\" data-id=\"1929750\" data-element_type=\"container\" data-e-type=\"container\">\n\t\t<div class=\"elementor-element elementor-element-5bbeed2 e-flex e-con-boxed e-con e-child\" data-id=\"5bbeed2\" data-element_type=\"container\" data-e-type=\"container\">\n\t\t\t\t\t<div class=\"e-con-inner\">\n\t\t<div class=\"elementor-element elementor-element-5920f63 e-con-full e-flex e-con e-child\" data-id=\"5920f63\" data-element_type=\"container\" data-e-type=\"container\">\n\t\t\t\t<div class=\"elementor-element elementor-element-1ca37a3 elementor-widget elementor-widget-heading\" data-id=\"1ca37a3\" data-element_type=\"widget\" data-e-type=\"widget\" data-widget_type=\"heading.default\">\n\t\t\t\t<div class=\"elementor-widget-container\">\n\t\t\t\t\t<h2 class=\"elementor-heading-title elementor-size-default\">David<\/h2>\t\t\t\t<\/div>\n\t\t\t\t<\/div>\n\t\t\t\t<div class=\"elementor-element elementor-element-7a1ca99 elementor-widget elementor-widget-heading\" data-id=\"7a1ca99\" data-element_type=\"widget\" data-e-type=\"widget\" data-widget_type=\"heading.default\">\n\t\t\t\t<div class=\"elementor-widget-container\">\n\t\t\t\t\t<h6 class=\"elementor-heading-title elementor-size-default\">Medeoprichter van LEAP \u00b7 Consultant Leonardo 3.4.5\u00ae \u00b7 Projectleider internationale samenwerking<\/h6>\t\t\t\t<\/div>\n\t\t\t\t<\/div>\n\t\t\t\t<div class=\"elementor-element elementor-element-a77addc elementor-widget-divider--view-line elementor-widget elementor-widget-divider\" data-id=\"a77addc\" data-element_type=\"widget\" data-e-type=\"widget\" data-widget_type=\"divider.default\">\n\t\t\t\t<div class=\"elementor-widget-container\">\n\t\t\t\t\t\t\t<div class=\"elementor-divider\">\n\t\t\t<span class=\"elementor-divider-separator\">\n\t\t\t\t\t\t<\/span>\n\t\t<\/div>\n\t\t\t\t\t\t<\/div>\n\t\t\t\t<\/div>\n\t\t\t\t<div class=\"elementor-element elementor-element-5739bdd elementor-widget elementor-widget-text-editor\" data-id=\"5739bdd\" data-element_type=\"widget\" data-e-type=\"widget\" data-widget_type=\"text-editor.default\">\n\t\t\t\t<div class=\"elementor-widget-container\">\n\t\t\t\t\t\t\t\t\t<p><span style=\"font-weight: 400;\">Als medeoprichter van <\/span><b>LEAP<\/b><span style=\"font-weight: 400;\"> begeleidt David professionals en projectleiders die te maken hebben met <\/span><b>overgangsmomenten, herzieningen of strategische herpositioneringen<\/b><span style=\"font-weight: 400;\">.<\/span><\/p><p><span style=\"font-weight: 400;\">Afgestudeerd in <\/span><b>politieke wetenschappen<\/b><span style=\"font-weight: 400;\"> en <\/span><b>geaccrediteerd Leonardo 3.4.5\u00ae sinds 2020<\/b><span style=\"font-weight: 400;\">, is hij al enkele jaren actief op het gebied van <\/span><b>ontwikkelingssamenwerking<\/b><span style=\"font-weight: 400;\">, waar hij <\/span><b>complexe technische bijstandsprojecten<\/b><span style=\"font-weight: 400;\"> leidt, vaak multicultureel en met meerdere partijen. In die hoedanigheid heeft hij een diepgaande expertise ontwikkeld in <\/span><b>human resources management<\/b><span style=\"font-weight: 400;\">, <\/span><b>teamco\u00f6rdinatie<\/b><span style=\"font-weight: 400;\"> en <\/span><b>het beheer van gevoelige en conflictueuze situaties<\/b><span style=\"font-weight: 400;\">, in contexten waar duidelijkheid over rollen en beslissingen essentieel is.<\/span><\/p><p><span style=\"font-weight: 400;\">Naast zijn operationele functies is David actief als <\/span><b>Leonardo 3.4.5\u00ae consultant<\/b><span style=\"font-weight: 400;\"> voor organisaties en professionals om hen te helpen hun <\/span><b>human resources te structureren<\/b><span style=\"font-weight: 400;\">, complementariteiten beter te benutten en profielen af te stemmen op de werkelijke uitdagingen in het veld.<\/span><\/p><p><span style=\"font-weight: 400;\">Met <\/span><b>LEAP by RGDC<\/b><span style=\"font-weight: 400;\"> stelt hij de Leonardo 3.4.5\u00ae-methode ten dienste van <\/span><b>professionele omschakeling en ondernemerschap<\/b><span style=\"font-weight: 400;\">, met een resoluut pragmatische aanpak: <\/span><b>re\u00eble troeven verduidelijken<\/b><span style=\"font-weight: 400;\">, <\/span><b>prioriteiten stellen<\/b><span style=\"font-weight: 400;\">, <\/span><b>een realistisch traject beveiligen<\/b><span style=\"font-weight: 400;\"> en <\/span><b>concrete vooruitgang boeken<\/b><span style=\"font-weight: 400;\">.<\/span><\/p><p><span style=\"font-weight: 400;\">Binnen LEAP belichaamt David een houding van <\/span><b>structurerend luisteren<\/b><span style=\"font-weight: 400;\">, <\/span><b>verduidelijking<\/b><span style=\"font-weight: 400;\"> en <\/span><b>in beweging brengen<\/b><span style=\"font-weight: 400;\">, om een vaak verspreide reflectie om te zetten in <\/span><b>bewuste beslissingen en zichtbare acties<\/b><span style=\"font-weight: 400;\">.<\/span><\/p>\t\t\t\t\t\t\t\t<\/div>\n\t\t\t\t<\/div>\n\t\t\t\t<\/div>\n\t\t<div class=\"elementor-element elementor-element-415c516 e-con-full e-flex e-con e-child\" data-id=\"415c516\" data-element_type=\"container\" data-e-type=\"container\">\n\t\t\t\t<div class=\"elementor-element elementor-element-b021054 elementor-widget elementor-widget-image\" data-id=\"b021054\" data-element_type=\"widget\" data-e-type=\"widget\" data-widget_type=\"image.default\">\n\t\t\t\t<div class=\"elementor-widget-container\">\n\t\t\t\t\t\t\t\t\t\t\t\t\t\t\t<img fetchpriority=\"high\" decoding=\"async\" width=\"1024\" height=\"1024\" src=\"https:\/\/leapbyrgdc.eu\/wp-content\/uploads\/2026\/02\/b6d8f4ac-d163-4af9-89e6-0b1101a75383.jpeg\" class=\"attachment-large size-large wp-image-2358\" alt=\"\" srcset=\"https:\/\/leapbyrgdc.eu\/wp-content\/uploads\/2026\/02\/b6d8f4ac-d163-4af9-89e6-0b1101a75383.jpeg 1024w, https:\/\/leapbyrgdc.eu\/wp-content\/uploads\/2026\/02\/b6d8f4ac-d163-4af9-89e6-0b1101a75383-300x300.jpeg 300w, https:\/\/leapbyrgdc.eu\/wp-content\/uploads\/2026\/02\/b6d8f4ac-d163-4af9-89e6-0b1101a75383-150x150.jpeg 150w, https:\/\/leapbyrgdc.eu\/wp-content\/uploads\/2026\/02\/b6d8f4ac-d163-4af9-89e6-0b1101a75383-768x768.jpeg 768w, https:\/\/leapbyrgdc.eu\/wp-content\/uploads\/2026\/02\/b6d8f4ac-d163-4af9-89e6-0b1101a75383-600x600.jpeg 600w, https:\/\/leapbyrgdc.eu\/wp-content\/uploads\/2026\/02\/b6d8f4ac-d163-4af9-89e6-0b1101a75383-100x100.jpeg 100w\" sizes=\"(max-width: 1024px) 100vw, 1024px\" \/>\t\t\t\t\t\t\t\t\t\t\t\t\t\t\t<\/div>\n\t\t\t\t<\/div>\n\t\t\t\t<\/div>\n\t\t\t\t\t<\/div>\n\t\t\t\t<\/div>\n\t\t\t\t<\/div>\n\t\t\t\t<\/div>\n\t\t<div class=\"elementor-element elementor-element-7053d00 e-con-full e-flex e-con e-parent\" data-id=\"7053d00\" data-element_type=\"container\" data-e-type=\"container\">\n\t\t<div class=\"elementor-element elementor-element-25fd117 e-con-full e-flex e-con e-child\" data-id=\"25fd117\" data-element_type=\"container\" data-e-type=\"container\">\n\t\t<div class=\"elementor-element elementor-element-8419b44 e-flex e-con-boxed e-con e-child\" data-id=\"8419b44\" data-element_type=\"container\" data-e-type=\"container\">\n\t\t\t\t\t<div class=\"e-con-inner\">\n\t\t<div class=\"elementor-element elementor-element-91fba78 e-con-full e-flex e-con e-child\" data-id=\"91fba78\" data-element_type=\"container\" data-e-type=\"container\">\n\t\t\t\t<div class=\"elementor-element elementor-element-94112ce elementor-widget elementor-widget-heading\" data-id=\"94112ce\" data-element_type=\"widget\" data-e-type=\"widget\" data-widget_type=\"heading.default\">\n\t\t\t\t<div class=\"elementor-widget-container\">\n\t\t\t\t\t<h2 class=\"elementor-heading-title elementor-size-default\">Christian<\/h2>\t\t\t\t<\/div>\n\t\t\t\t<\/div>\n\t\t\t\t<div class=\"elementor-element elementor-element-805ebef elementor-widget elementor-widget-heading\" data-id=\"805ebef\" data-element_type=\"widget\" data-e-type=\"widget\" data-widget_type=\"heading.default\">\n\t\t\t\t<div class=\"elementor-widget-container\">\n\t\t\t\t\t<h6 class=\"elementor-heading-title elementor-size-default\">Medeoprichter van LEAP \u00b7 Ondernemer, directeur en Master-Trainer Leonardo 3.4.5\u00ae<\/h6>\t\t\t\t<\/div>\n\t\t\t\t<\/div>\n\t\t\t\t<div class=\"elementor-element elementor-element-02cc01d elementor-widget-divider--view-line elementor-widget elementor-widget-divider\" data-id=\"02cc01d\" data-element_type=\"widget\" data-e-type=\"widget\" data-widget_type=\"divider.default\">\n\t\t\t\t<div class=\"elementor-widget-container\">\n\t\t\t\t\t\t\t<div class=\"elementor-divider\">\n\t\t\t<span class=\"elementor-divider-separator\">\n\t\t\t\t\t\t<\/span>\n\t\t<\/div>\n\t\t\t\t\t\t<\/div>\n\t\t\t\t<\/div>\n\t\t\t\t<div class=\"elementor-element elementor-element-958c97d elementor-widget elementor-widget-text-editor\" data-id=\"958c97d\" data-element_type=\"widget\" data-e-type=\"widget\" data-widget_type=\"text-editor.default\">\n\t\t\t\t<div class=\"elementor-widget-container\">\n\t\t\t\t\t\t\t\t\t<p><span style=\"font-weight: 400;\">Als medeoprichter van <\/span><b>LEAP<\/b><span style=\"font-weight: 400;\"> stelt Christian meer dan <\/span><b>30 jaar ervaring in het leiden van adviesbureaus en het managen van multidisciplinaire teams<\/b><span style=\"font-weight: 400;\"> ten dienste van het project, zowel in Europa als internationaal. Zijn bijdrage aan LEAP is gericht op het beveiligen van keuzes, het onthullen van complementariteiten en het omzetten van een vaak diffuse reflectie in <\/span><b>duidelijke, bewuste en uitvoerbare beslissingen<\/b><span style=\"font-weight: 400;\">.<\/span><\/p><p><span style=\"font-weight: 400;\">Tijdens zijn loopbaan heeft hij organisaties, leiders en ondernemers begeleid op <\/span><b>cruciale momenten<\/b><span style=\"font-weight: 400;\">: strategische herpositionering, groei, reorganisatie, het cre\u00ebren van activiteiten of complexe beslissingen met een hoog persoonlijk belang. Dankzij deze praktijkervaring (in <\/span><b>Belgi\u00eb, Frankrijk, Roemeni\u00eb<\/b><span style=\"font-weight: 400;\">, <\/span><b>Turkije<\/b><span style=\"font-weight: 400;\"> en op het <\/span><b>Afrikaanse continent<\/b><span style=\"font-weight: 400;\">) heeft hij <\/span><b>alle ondernemersrealiteiten<\/b><span style=\"font-weight: 400;\"> kunnen doorgronden, tot ver buiten de theoretische modellen.<\/span><\/p><p><span style=\"font-weight: 400;\">Bij <\/span><b>LEAP<\/b><span style=\"font-weight: 400;\"> belichaamt Christian een sterke overtuiging: <\/span><b>structurerende beslissingen kunnen niet duurzaam zijn zonder een goed begrip van de menselijke drijfveren<\/b><span style=\"font-weight: 400;\">. Vanuit die logica is hij <\/span><b>gecertificeerd trainer en verspreider van de Leonardo 3.4.5\u00ae-methode in de Benelux<\/b><span style=\"font-weight: 400;\">, die hij gebruikt als een <\/span><b>instrument voor verheldering, opheldering en besluitvorming<\/b><span style=\"font-weight: 400;\">.<\/span><\/p><p><span style=\"font-weight: 400;\">Christian heeft een <\/span><b>master in wiskundige wetenschappen<\/b><span style=\"font-weight: 400;\"> en combineert <\/span><b>analytische nauwkeurigheid<\/b><span style=\"font-weight: 400;\">, <\/span><b>een systemische lezing van situaties<\/b><span style=\"font-weight: 400;\"> en een <\/span><b>diepgaande menselijke benadering<\/b><span style=\"font-weight: 400;\">.<\/span> <\/p><p><span style=\"font-weight: 400;\">Hij begeleidt de klanten van LEAP in <\/span><b>het Frans en Engels<\/b><span style=\"font-weight: 400;\">, met een veeleisende, structurerende en resultaatgerichte houding.<\/span><\/p>\t\t\t\t\t\t\t\t<\/div>\n\t\t\t\t<\/div>\n\t\t\t\t<\/div>\n\t\t<div class=\"elementor-element elementor-element-9027b5f e-con-full e-flex e-con e-child\" data-id=\"9027b5f\" data-element_type=\"container\" data-e-type=\"container\">\n\t\t\t\t<div class=\"elementor-element elementor-element-be4bbbf elementor-widget elementor-widget-image\" data-id=\"be4bbbf\" data-element_type=\"widget\" data-e-type=\"widget\" data-widget_type=\"image.default\">\n\t\t\t\t<div class=\"elementor-widget-container\">\n\t\t\t\t\t\t\t\t\t\t\t\t\t\t\t<img decoding=\"async\" width=\"1024\" height=\"1536\" src=\"https:\/\/leapbyrgdc.eu\/wp-content\/uploads\/2026\/03\/2fdc1631-81c7-473b-a4a4-77631999897f.jpeg\" class=\"attachment-full size-full wp-image-2372\" alt=\"\" srcset=\"https:\/\/leapbyrgdc.eu\/wp-content\/uploads\/2026\/03\/2fdc1631-81c7-473b-a4a4-77631999897f.jpeg 1024w, https:\/\/leapbyrgdc.eu\/wp-content\/uploads\/2026\/03\/2fdc1631-81c7-473b-a4a4-77631999897f-200x300.jpeg 200w, https:\/\/leapbyrgdc.eu\/wp-content\/uploads\/2026\/03\/2fdc1631-81c7-473b-a4a4-77631999897f-683x1024.jpeg 683w, https:\/\/leapbyrgdc.eu\/wp-content\/uploads\/2026\/03\/2fdc1631-81c7-473b-a4a4-77631999897f-768x1152.jpeg 768w, https:\/\/leapbyrgdc.eu\/wp-content\/uploads\/2026\/03\/2fdc1631-81c7-473b-a4a4-77631999897f-600x900.jpeg 600w\" sizes=\"(max-width: 1024px) 100vw, 1024px\" \/>\t\t\t\t\t\t\t\t\t\t\t\t\t\t\t<\/div>\n\t\t\t\t<\/div>\n\t\t\t\t<\/div>\n\t\t\t\t\t<\/div>\n\t\t\t\t<\/div>\n\t\t\t\t<\/div>\n\t\t\t\t<\/div>\n\t\t\t\t<\/div>\n\t\t","protected":false},"excerpt":{"rendered":"<p>Ons team David Medeoprichter van LEAP \u00b7 Consultant Leonardo 3.4.5\u00ae \u00b7 Projectleider internationale samenwerking Als medeoprichter van LEAP begeleidt David professionals en projectleiders die te maken hebben met overgangsmomenten, herzieningen of strategische herpositioneringen. Afgestudeerd in politieke wetenschappen en geaccrediteerd Leonardo 3.4.5\u00ae sinds 2020, is hij al enkele jaren actief op het gebied van ontwikkelingssamenwerking, waar [&hellip;]<\/p>\n","protected":false},"author":1,"featured_media":2310,"parent":0,"menu_order":0,"comment_status":"closed","ping_status":"closed","template":"","meta":{"site-sidebar-layout":"no-sidebar","site-content-layout":"page-builder","ast-site-content-layout":"full-width-container","site-content-style":"unboxed","site-sidebar-style":"unboxed","ast-global-header-display":"","ast-banner-title-visibility":"","ast-main-header-display":"","ast-hfb-above-header-display":"","ast-hfb-below-header-display":"","ast-hfb-mobile-header-display":"","site-post-title":"disabled","ast-breadcrumbs-content":"","ast-featured-img":"disabled","footer-sml-layout":"","ast-disable-related-posts":"","theme-transparent-header-meta":"enabled","adv-header-id-meta":"","stick-header-meta":"","header-above-stick-meta":"","header-main-stick-meta":"","header-below-stick-meta":"","astra-migrate-meta-layouts":"default","ast-page-background-enabled":"default","ast-page-background-meta":{"desktop":{"background-color":"","background-image":"","background-repeat":"repeat","background-position":"center center","background-size":"auto","background-attachment":"scroll","background-type":"","background-media":"","overlay-type":"","overlay-color":"","overlay-opacity":"","overlay-gradient":""},"tablet":{"background-color":"","background-image":"","background-repeat":"repeat","background-position":"center center","background-size":"auto","background-attachment":"scroll","background-type":"","background-media":"","overlay-type":"","overlay-color":"","overlay-opacity":"","overlay-gradient":""},"mobile":{"background-color":"","background-image":"","background-repeat":"repeat","background-position":"center center","background-size":"auto","background-attachment":"scroll","background-type":"","background-media":"","overlay-type":"","overlay-color":"","overlay-opacity":"","overlay-gradient":""}},"ast-content-background-meta":{"desktop":{"background-color":"var(--ast-global-color-5)","background-image":"","background-repeat":"repeat","background-position":"center center","background-size":"auto","background-attachment":"scroll","background-type":"","background-media":"","overlay-type":"","overlay-color":"","overlay-opacity":"","overlay-gradient":""},"tablet":{"background-color":"var(--ast-global-color-5)","background-image":"","background-repeat":"repeat","background-position":"center center","background-size":"auto","background-attachment":"scroll","background-type":"","background-media":"","overlay-type":"","overlay-color":"","overlay-opacity":"","overlay-gradient":""},"mobile":{"background-color":"var(--ast-global-color-5)","background-image":"","background-repeat":"repeat","background-position":"center center","background-size":"auto","background-attachment":"scroll","background-type":"","background-media":"","overlay-type":"","overlay-color":"","overlay-opacity":"","overlay-gradient":""}},"footnotes":""},"class_list":["post-1739","page","type-page","status-publish","has-post-thumbnail","hentry"],"yoast_head":"<!-- This site is optimized with the Yoast SEO plugin v27.2 - https:\/\/yoast.com\/product\/yoast-seo-wordpress\/ -->\n<title>Ons team - De experts achter LEAP by RGDC<\/title>\n<meta name=\"description\" content=\"Ontdek het LEAP-team: achtergrond, expertise en aanpak. Een menselijke begeleiding, resultaatgericht voor een geslaagde professionele transitie.\" \/>\n<meta name=\"robots\" content=\"index, follow, max-snippet:-1, max-image-preview:large, max-video-preview:-1\" \/>\n<link rel=\"canonical\" href=\"https:\/\/leapbyrgdc.eu\/nl\/over-ons-2\/\" \/>\n<meta property=\"og:locale\" content=\"nl_NL\" \/>\n<meta property=\"og:type\" content=\"article\" \/>\n<meta property=\"og:title\" content=\"Ons team - De experts achter LEAP by RGDC\" \/>\n<meta property=\"og:description\" content=\"Ontdek het LEAP-team: achtergrond, expertise en aanpak. Een menselijke begeleiding, resultaatgericht voor een geslaagde professionele transitie.\" \/>\n<meta property=\"og:url\" content=\"https:\/\/leapbyrgdc.eu\/nl\/over-ons-2\/\" \/>\n<meta property=\"og:site_name\" content=\"Leap by RGDC\" \/>\n<meta property=\"article:modified_time\" content=\"2026-03-03T14:38:09+00:00\" \/>\n<meta property=\"og:image\" content=\"https:\/\/leapbyrgdc.eu\/wp-content\/uploads\/2025\/12\/meeting-9498211_1280.webp\" \/>\n\t<meta property=\"og:image:width\" content=\"640\" \/>\n\t<meta property=\"og:image:height\" content=\"453\" \/>\n\t<meta property=\"og:image:type\" content=\"image\/webp\" \/>\n<meta name=\"twitter:card\" content=\"summary_large_image\" \/>\n<meta name=\"twitter:label1\" content=\"Geschatte leestijd\" \/>\n\t<meta name=\"twitter:data1\" content=\"2 minuut\" \/>\n<script type=\"application\/ld+json\" class=\"yoast-schema-graph\">{\"@context\":\"https:\/\/schema.org\",\"@graph\":[{\"@type\":\"WebPage\",\"@id\":\"https:\/\/leapbyrgdc.eu\/nl\/over-ons-2\/\",\"url\":\"https:\/\/leapbyrgdc.eu\/nl\/over-ons-2\/\",\"name\":\"Ons team - De experts achter LEAP by RGDC\",\"isPartOf\":{\"@id\":\"https:\/\/leapbyrgdc.eu\/nl\/#website\"},\"primaryImageOfPage\":{\"@id\":\"https:\/\/leapbyrgdc.eu\/nl\/over-ons-2\/#primaryimage\"},\"image\":{\"@id\":\"https:\/\/leapbyrgdc.eu\/nl\/over-ons-2\/#primaryimage\"},\"thumbnailUrl\":\"https:\/\/leapbyrgdc.eu\/wp-content\/uploads\/2025\/12\/meeting-9498211_1280.webp\",\"datePublished\":\"2025-12-30T13:08:41+00:00\",\"dateModified\":\"2026-03-03T14:38:09+00:00\",\"description\":\"Ontdek het LEAP-team: achtergrond, expertise en aanpak. Een menselijke begeleiding, resultaatgericht voor een geslaagde professionele transitie.\",\"breadcrumb\":{\"@id\":\"https:\/\/leapbyrgdc.eu\/nl\/over-ons-2\/#breadcrumb\"},\"inLanguage\":\"nl-NL\",\"potentialAction\":[{\"@type\":\"ReadAction\",\"target\":[\"https:\/\/leapbyrgdc.eu\/nl\/over-ons-2\/\"]}]},{\"@type\":\"ImageObject\",\"inLanguage\":\"nl-NL\",\"@id\":\"https:\/\/leapbyrgdc.eu\/nl\/over-ons-2\/#primaryimage\",\"url\":\"https:\/\/leapbyrgdc.eu\/wp-content\/uploads\/2025\/12\/meeting-9498211_1280.webp\",\"contentUrl\":\"https:\/\/leapbyrgdc.eu\/wp-content\/uploads\/2025\/12\/meeting-9498211_1280.webp\",\"width\":640,\"height\":453,\"caption\":\"Handshake Meeting\"},{\"@type\":\"BreadcrumbList\",\"@id\":\"https:\/\/leapbyrgdc.eu\/nl\/over-ons-2\/#breadcrumb\",\"itemListElement\":[{\"@type\":\"ListItem\",\"position\":1,\"name\":\"Home\",\"item\":\"https:\/\/leapbyrgdc.eu\/nl\/home\/\"},{\"@type\":\"ListItem\",\"position\":2,\"name\":\"Ons team\"}]},{\"@type\":\"WebSite\",\"@id\":\"https:\/\/leapbyrgdc.eu\/nl\/#website\",\"url\":\"https:\/\/leapbyrgdc.eu\/nl\/\",\"name\":\"Leap by RGDC\",\"description\":\"R\u00e9inventez votre trajectoire. Acc\u00e9l\u00e9rez votre r\u00e9ussite.\",\"potentialAction\":[{\"@type\":\"SearchAction\",\"target\":{\"@type\":\"EntryPoint\",\"urlTemplate\":\"https:\/\/leapbyrgdc.eu\/nl\/?s={search_term_string}\"},\"query-input\":{\"@type\":\"PropertyValueSpecification\",\"valueRequired\":true,\"valueName\":\"search_term_string\"}}],\"inLanguage\":\"nl-NL\"}]}<\/script>\n<!-- \/ Yoast SEO plugin. -->","yoast_head_json":{"title":"Ons team - De experts achter LEAP by RGDC","description":"Ontdek het LEAP-team: achtergrond, expertise en aanpak. Een menselijke begeleiding, resultaatgericht voor een geslaagde professionele transitie.","robots":{"index":"index","follow":"follow","max-snippet":"max-snippet:-1","max-image-preview":"max-image-preview:large","max-video-preview":"max-video-preview:-1"},"canonical":"https:\/\/leapbyrgdc.eu\/nl\/over-ons-2\/","og_locale":"nl_NL","og_type":"article","og_title":"Ons team - De experts achter LEAP by RGDC","og_description":"Ontdek het LEAP-team: achtergrond, expertise en aanpak. Een menselijke begeleiding, resultaatgericht voor een geslaagde professionele transitie.","og_url":"https:\/\/leapbyrgdc.eu\/nl\/over-ons-2\/","og_site_name":"Leap by RGDC","article_modified_time":"2026-03-03T14:38:09+00:00","og_image":[{"width":640,"height":453,"url":"https:\/\/leapbyrgdc.eu\/wp-content\/uploads\/2025\/12\/meeting-9498211_1280.webp","type":"image\/webp"}],"twitter_card":"summary_large_image","twitter_misc":{"Geschatte leestijd":"2 minuut"},"schema":{"@context":"https:\/\/schema.org","@graph":[{"@type":"WebPage","@id":"https:\/\/leapbyrgdc.eu\/nl\/over-ons-2\/","url":"https:\/\/leapbyrgdc.eu\/nl\/over-ons-2\/","name":"Ons team - De experts achter LEAP by RGDC","isPartOf":{"@id":"https:\/\/leapbyrgdc.eu\/nl\/#website"},"primaryImageOfPage":{"@id":"https:\/\/leapbyrgdc.eu\/nl\/over-ons-2\/#primaryimage"},"image":{"@id":"https:\/\/leapbyrgdc.eu\/nl\/over-ons-2\/#primaryimage"},"thumbnailUrl":"https:\/\/leapbyrgdc.eu\/wp-content\/uploads\/2025\/12\/meeting-9498211_1280.webp","datePublished":"2025-12-30T13:08:41+00:00","dateModified":"2026-03-03T14:38:09+00:00","description":"Ontdek het LEAP-team: achtergrond, expertise en aanpak. Een menselijke begeleiding, resultaatgericht voor een geslaagde professionele transitie.","breadcrumb":{"@id":"https:\/\/leapbyrgdc.eu\/nl\/over-ons-2\/#breadcrumb"},"inLanguage":"nl-NL","potentialAction":[{"@type":"ReadAction","target":["https:\/\/leapbyrgdc.eu\/nl\/over-ons-2\/"]}]},{"@type":"ImageObject","inLanguage":"nl-NL","@id":"https:\/\/leapbyrgdc.eu\/nl\/over-ons-2\/#primaryimage","url":"https:\/\/leapbyrgdc.eu\/wp-content\/uploads\/2025\/12\/meeting-9498211_1280.webp","contentUrl":"https:\/\/leapbyrgdc.eu\/wp-content\/uploads\/2025\/12\/meeting-9498211_1280.webp","width":640,"height":453,"caption":"Handshake Meeting"},{"@type":"BreadcrumbList","@id":"https:\/\/leapbyrgdc.eu\/nl\/over-ons-2\/#breadcrumb","itemListElement":[{"@type":"ListItem","position":1,"name":"Home","item":"https:\/\/leapbyrgdc.eu\/nl\/home\/"},{"@type":"ListItem","position":2,"name":"Ons team"}]},{"@type":"WebSite","@id":"https:\/\/leapbyrgdc.eu\/nl\/#website","url":"https:\/\/leapbyrgdc.eu\/nl\/","name":"Leap by RGDC","description":"R\u00e9inventez votre trajectoire. Acc\u00e9l\u00e9rez votre r\u00e9ussite.","potentialAction":[{"@type":"SearchAction","target":{"@type":"EntryPoint","urlTemplate":"https:\/\/leapbyrgdc.eu\/nl\/?s={search_term_string}"},"query-input":{"@type":"PropertyValueSpecification","valueRequired":true,"valueName":"search_term_string"}}],"inLanguage":"nl-NL"}]}},"_links":{"self":[{"href":"https:\/\/leapbyrgdc.eu\/nl\/wp-json\/wp\/v2\/pages\/1739","targetHints":{"allow":["GET"]}}],"collection":[{"href":"https:\/\/leapbyrgdc.eu\/nl\/wp-json\/wp\/v2\/pages"}],"about":[{"href":"https:\/\/leapbyrgdc.eu\/nl\/wp-json\/wp\/v2\/types\/page"}],"author":[{"embeddable":true,"href":"https:\/\/leapbyrgdc.eu\/nl\/wp-json\/wp\/v2\/users\/1"}],"replies":[{"embeddable":true,"href":"https:\/\/leapbyrgdc.eu\/nl\/wp-json\/wp\/v2\/comments?post=1739"}],"version-history":[{"count":12,"href":"https:\/\/leapbyrgdc.eu\/nl\/wp-json\/wp\/v2\/pages\/1739\/revisions"}],"predecessor-version":[{"id":2378,"href":"https:\/\/leapbyrgdc.eu\/nl\/wp-json\/wp\/v2\/pages\/1739\/revisions\/2378"}],"wp:featuredmedia":[{"embeddable":true,"href":"https:\/\/leapbyrgdc.eu\/nl\/wp-json\/wp\/v2\/media\/2310"}],"wp:attachment":[{"href":"https:\/\/leapbyrgdc.eu\/nl\/wp-json\/wp\/v2\/media?parent=1739"}],"curies":[{"name":"wp","href":"https:\/\/api.w.org\/{rel}","templated":true}]}}